{"id":8,"date":"2020-02-18T16:47:54","date_gmt":"2020-02-18T16:47:54","guid":{"rendered":"https:\/\/doguaydinlatma.com\/?page_id=8"},"modified":"2024-02-19T16:22:19","modified_gmt":"2024-02-19T16:22:19","slug":"bize-ulasin","status":"publish","type":"page","link":"https:\/\/doguaydinlatma.com\/index.php\/bize-ulasin\/","title":{"rendered":"Bize ula\u015f\u0131n"},"content":{"rendered":"\n<p>ADRES: SANAY\u0130 MAHALLES\u0130 60724 NOLU CADDE NO:3 DO\u011eU S\u0130TES\u0130 \u015eEH\u0130TKAM\u0130L\/GAZ\u0130ANTEP<\/p>\n\n\n\n<p>TLF: 0342 2200496 &#8211;  2200633                                                                                                                FAX: 0342 2200634   <\/p>\n\n\n\n<p>                                                                                                                                                                                                                                                                                                                                                                                                                                                                                                                                    CEP: 0530 7021991                                                                                                                                        MA\u0130L:  info@doguaydinlatma.com<\/p>\n","protected":false},"excerpt":{"rendered":"<p>ADRES: SANAY\u0130 MAHALLES\u0130 60724 NOLU CADDE NO:3 DO\u011eU S\u0130TES\u0130 \u015eEH\u0130TKAM\u0130L\/GAZ\u0130ANTEP TLF: 0342 2200496 &#8211; 2200633 FAX: 0342 2200634 CEP: 0530 7021991 MA\u0130L: info@doguaydinlatma.com<\/p>\n","protected":false},"author":1,"featured_media":0,"parent":0,"menu_order":0,"comment_status":"closed","ping_status":"closed","template":"","meta":{"footnotes":""},"class_list":["post-8","page","type-page","status-publish","hentry"],"_links":{"self":[{"href":"https:\/\/doguaydinlatma.com\/index.php\/wp-json\/wp\/v2\/pages\/8","targetHints":{"allow":["GET"]}}],"collection":[{"href":"https:\/\/doguaydinlatma.com\/index.php\/wp-json\/wp\/v2\/pages"}],"about":[{"href":"https:\/\/doguaydinlatma.com\/index.php\/wp-json\/wp\/v2\/types\/page"}],"author":[{"embeddable":true,"href":"https:\/\/doguaydinlatma.com\/index.php\/wp-json\/wp\/v2\/users\/1"}],"replies":[{"embeddable":true,"href":"https:\/\/doguaydinlatma.com\/index.php\/wp-json\/wp\/v2\/comments?post=8"}],"version-history":[{"count":4,"href":"https:\/\/doguaydinlatma.com\/index.php\/wp-json\/wp\/v2\/pages\/8\/revisions"}],"predecessor-version":[{"id":87,"href":"https:\/\/doguaydinlatma.com\/index.php\/wp-json\/wp\/v2\/pages\/8\/revisions\/87"}],"wp:attachment":[{"href":"https:\/\/doguaydinlatma.com\/index.php\/wp-json\/wp\/v2\/media?parent=8"}],"curies":[{"name":"wp","href":"https:\/\/api.w.org\/{rel}","templated":true}]}}